{"id":483,"date":"2017-04-20T10:29:49","date_gmt":"2017-04-20T10:29:49","guid":{"rendered":"http:\/\/jucunda-juechen.de\/?post_type=product&#038;p=483"},"modified":"2022-12-19T13:01:00","modified_gmt":"2022-12-19T13:01:00","slug":"willkommen-im-jucunda-juechen-shop","status":"publish","type":"product","link":"http:\/\/jucunda-juechen.de\/?product=willkommen-im-jucunda-juechen-shop","title":{"rendered":"Willkommen im jucunda-juechen-shop"},"content":{"rendered":"<h3>Hier finden Sie B\u00fccher, DVD&#8217;s und CD&#8217;s \u00fcber die Gemeinde J\u00fcchen!<\/h3>\n<h3>Wir laden Sie zum schm\u00f6kern ein bei<\/h3>\n<h3><span style=\"color: #ff0000;\"><a style=\"color: #ff0000;\" href=\"http:\/\/jucunda-juechen.de\/?product_cat=dvd\"><u>DVD\/CD<\/u><\/a><\/span><\/h3>\n<h3>oder<\/h3>\n<h3><span style=\"color: #ff0000;\"><a style=\"color: #ff0000;\" href=\"http:\/\/jucunda-juechen.de\/?product_cat=dvd\"><u>B\u00fccher<\/u><\/a><\/span><\/h3>\n<h3>Viel Spa\u00df<\/h3>\n","protected":false},"excerpt":{"rendered":"<p>Hier finden Sie B\u00fccher, DVD&#8217;s und CD&#8217;s \u00fcber die Gemeinde J\u00fcchen! Wir laden Sie zum schm\u00f6kern ein bei DVD\/CD oder B\u00fccher Viel Spa\u00df<\/p>\n","protected":false},"featured_media":4,"comment_status":"open","ping_status":"closed","template":"","meta":{"_crdt_document":"","jetpack_publicize_message":"","jetpack_publicize_feature_enabled":true,"jetpack_social_post_already_shared":true,"jetpack_social_options":{"image_generator_settings":{"template":"highway","default_image_id":0,"font":"","enabled":false},"version":2}},"product_brand":[],"product_cat":[50],"product_tag":[],"class_list":{"0":"post-483","1":"product","2":"type-product","3":"status-publish","4":"has-post-thumbnail","6":"product_cat-shop","8":"first","9":"instock","10":"shipping-taxable","11":"product-type-simple"},"jetpack_publicize_connections":[],"jetpack_sharing_enabled":false,"jetpack-related-posts":[],"_links":{"self":[{"href":"http:\/\/jucunda-juechen.de\/index.php?rest_route=\/wp\/v2\/product\/483","targetHints":{"allow":["GET"]}}],"collection":[{"href":"http:\/\/jucunda-juechen.de\/index.php?rest_route=\/wp\/v2\/product"}],"about":[{"href":"http:\/\/jucunda-juechen.de\/index.php?rest_route=\/wp\/v2\/types\/product"}],"replies":[{"embeddable":true,"href":"http:\/\/jucunda-juechen.de\/index.php?rest_route=%2Fwp%2Fv2%2Fcomments&post=483"}],"wp:featuredmedia":[{"embeddable":true,"href":"http:\/\/jucunda-juechen.de\/index.php?rest_route=\/wp\/v2\/media\/4"}],"wp:attachment":[{"href":"http:\/\/jucunda-juechen.de\/index.php?rest_route=%2Fwp%2Fv2%2Fmedia&parent=483"}],"wp:term":[{"taxonomy":"product_brand","embeddable":true,"href":"http:\/\/jucunda-juechen.de\/index.php?rest_route=%2Fwp%2Fv2%2Fproduct_brand&post=483"},{"taxonomy":"product_cat","embeddable":true,"href":"http:\/\/jucunda-juechen.de\/index.php?rest_route=%2Fwp%2Fv2%2Fproduct_cat&post=483"},{"taxonomy":"product_tag","embeddable":true,"href":"http:\/\/jucunda-juechen.de\/index.php?rest_route=%2Fwp%2Fv2%2Fproduct_tag&post=483"}],"curies":[{"name":"wp","href":"https:\/\/api.w.org\/{rel}","templated":true}]}}