{"id":470,"date":"2017-04-20T08:29:14","date_gmt":"2017-04-20T08:29:14","guid":{"rendered":"http:\/\/jucunda-juechen.de\/?page_id=470"},"modified":"2021-01-18T10:08:51","modified_gmt":"2021-01-18T10:08:51","slug":"impressum-2","status":"publish","type":"page","link":"http:\/\/jucunda-juechen.de\/?page_id=470","title":{"rendered":"Impressum\/AGB"},"content":{"rendered":"<h2>Impressum<\/h2>\n<div>jucunda-juechen.de<br \/>\nhumann medien<br \/>\nBirkenstra\u00dfe 5<br \/>\n41363 J\u00fcchen<br \/>\nTel.: 02165\/879106<br \/>\nEmail: redaktion@jucunda-juechen.de<\/div>\n<div>Gesch\u00e4ftsf\u00fchrer:<br \/>\nWerner H\u00fcsselmann<\/div>\n<div><\/div>\n<div>Die europ\u00e4ische Kommission stellt unter http:\/\/ec.europa.eu\/consumers\/odr\/ eine Plattform zur au\u00dfergerichtlichen Online-Streitbelegung (sog. OS-Plattform) bereit<br \/>\nWir nehmen nicht an einem Streitbeilegungsverfahren vor einer Verbraucherschlichtungsstelle teil.<\/div>\n<div><\/div>\n<div>Verantwortlicher Redakteur:<\/div>\n<div>Werner H\u00fcsselmann<br \/>\nBirkenstra\u00dfe 5<br \/>\n41363 J\u00fcchen<\/div>\n<h2>AGB jucunda-juechen.de<\/h2>\n<h3>Haftung f\u00fcr Inhalte<\/h3>\n<p>Die Inhalte unserer Seiten wurden mit gr\u00f6\u00dfter Sorgfalt erstellt. F\u00fcr die Richtigkeit, Vollst\u00e4ndigkeit und Aktualit\u00e4t der Inhalte k\u00f6nnen wir jedoch keine Gew\u00e4hr \u00fcbernehmen. Als Diensteanbieter sind wir gem\u00e4\u00df \u00a7 7 Abs.1 TMG f\u00fcr eigene Inhalte auf diesen Seiten nach den allgemeinen Gesetzen verantwortlich. Nach \u00a7\u00a7 8 bis 10 TMG sind wir als Diensteanbieter jedoch nicht verpflichtet, \u00fcbermittelte oder gespeicherte fremde Informationen zu \u00fcberwachen oder nach Umst\u00e4nden zu forschen, die auf eine rechtswidrige T\u00e4tigkeit hinweisen. Verpflichtungen zur Entfernung oder Sperrung der Nutzung von Informationen nach den allgemeinen Gesetzen bleiben hiervon unber\u00fchrt. Eine diesbez\u00fcgliche Haftung ist jedoch erst ab dem Zeitpunkt der Kenntnis einer konkreten Rechtsverletzung m\u00f6glich. Bei bekannt werden von entsprechenden Rechtsverletzungen werden wir diese Inhalte umgehend entfernen.<\/p>\n<h2>Eintr\u00e4ge, Anzeigen und Werbungen im jucunda-juechen.de<\/h2>\n<p>Wir akzeptieren nur Anzeigenauftr\u00e4ge und Eintr\u00e4ge im jucunda-juechen.de, die nicht gegen geltendes Recht versto\u00dfen.<br \/>\nWeiterhin behalten wir uns vor, zu entscheiden, welche Anzeigenauftr\u00e4ge, Werbungen und Eintr\u00e4ge jucunda-juechen.de aufgenommen werden.<br \/>\nDie eingestellten Logos, Anzeigenbilder d\u00fcrfen nicht gegen geltendes Recht versto\u00dfen.<br \/>\nJedes Logo oder Anzeigenbild muss von Ihnen pers\u00f6nlich sein.<br \/>\nDie Copyright Rechte m\u00fcssen bei Ihnen liegen und d\u00fcrfen Urheberrechte anderer nicht verletzen.<br \/>\nSie tragen die Verantwortung f\u00fcr die eingestellten Eintr\u00e4ge, Logos, Bilder oder Anzeigenbilder.<\/p>\n<h3>Haftung f\u00fcr Links<\/h3>\n<p>Unser Angebot enth\u00e4lt Links zu externen Webseiten Dritter, auf deren Inhalte wir keinen Einfluss haben. Deshalb k\u00f6nnen wir f\u00fcr diese fremden Inhalte auch keine Gew\u00e4hr \u00fcbernehmen. F\u00fcr die Inhalte der verlinkten Seiten ist stets der jeweilige Anbieter oder Betreiber der Seiten verantwortlich. Die verlinkten Seiten wurden zum Zeitpunkt der Verlinkung auf m\u00f6gliche Rechtsverst\u00f6\u00dfe \u00fcberpr\u00fcft. Rechtswidrige Inhalte waren zum Zeitpunkt der Verlinkung nicht erkennbar. Eine permanente inhaltliche Kontrolle der verlinkten Seiten ist jedoch ohne konkrete Anhaltspunkte einer Rechtsverletzung nicht zumutbar. Bei Bekanntwerden von Rechtsverletzungen werden wir derartige Links umgehend entfernen.<\/p>\n<h3>Urheberrecht<\/h3>\n<p>Die durch die Seitenbetreiber erstellten Inhalte und Werke auf diesen Seiten unterliegen dem deutschen Urheberrecht. Die Vervielf\u00e4ltigung, Bearbeitung, Verbreitung und jede Art der Verwertung au\u00dferhalb der Grenzen des Urheberrechtes bed\u00fcrfen der schriftlichen Zustimmung des jeweiligen Autors bzw. Erstellers. Downloads und Kopien dieser Seite sind nur f\u00fcr den privaten, nicht kommerziellen Gebrauch gestattet. Soweit die Inhalte auf dieser Seite nicht vom Betreiber erstellt wurden, werden die Urheberrechte Dritter beachtet. Insbesondere werden Inhalte Dritter als solche gekennzeichnet. Sollten Sie trotzdem auf eine Urheberrechtsverletzung aufmerksam werden, bitten wir um einen entsprechenden Hinweis. Bei Bekanntwerden von Rechtsverletzungen werden wir derartige Inhalte umgehend entfernen.<\/p>\n<h2>Keine Lizenzen<\/h2>\n<p>Das auf unserer Website vorgefundene geistige Eigentum wie Marken und Urheberrechte ist gesch\u00fctzt. Durch diese Website wird keine Lizenz zur Nutzung des geistigen Eigentums von HUMANN MEDIEN oder Dritten erteilt.<\/p>\n<h3>Datenschutz<\/h3>\n<p>Die Nutzung unserer Webseite ist in der Regel ohne Angabe personenbezogener Daten m\u00f6glich. Soweit auf unseren Seiten personenbezogene Daten (beispielsweise Name, Anschrift oder eMail-Adressen) erhoben werden, erfolgt dies, soweit m\u00f6glich, stets auf freiwilliger Basis. Diese Daten werden ohne Ihre ausdr\u00fcckliche Zustimmung nicht an Dritte weitergegeben. Wir weisen darauf hin, dass die Daten\u00fcbertragung im Internet (z.B. bei der Kommunikation per E-Mail) Sicherheitsl\u00fccken aufweisen kann. Ein l\u00fcckenloser Schutz der Daten vor dem Zugriff durch Dritte ist nicht m\u00f6glich. Der Nutzung von im Rahmen der Impressumspflicht ver\u00f6ffentlichten Kontaktdaten durch Dritte zur \u00dcbersendung von nicht ausdr\u00fccklich angeforderter Werbung und Informationsmaterialien wird hiermit ausdr\u00fccklich widersprochen. Die Betreiber der Seiten behalten sich ausdr\u00fccklich rechtliche Schritte im Falle der unverlangten Zusendung von Werbeinformationen, etwa durch Spam-Mails, vor.<\/p>\n<h2>Wichtiger Hinweis<\/h2>\n<p>Wir m\u00f6chten ausdr\u00fccklich betonen, dass wir keinerlei Einfluss auf die Gestaltung und die Inhalte der gelinkten Seiten haben. Deshalb distanzieren wir uns hiermit ausdr\u00fccklich von allen Inhalten dieser gelinkten Seiten inkl. aller Unterseiten. Diese Erkl\u00e4rung gilt f\u00fcr alle im www. jucunda-juechen.de angebrachten Links und f\u00fcr alle Inhalte der Seiten, zu denen Links oder Banner f\u00fchren.<\/p>\n","protected":false},"excerpt":{"rendered":"<p>Impressum jucunda-juechen.de humann medien Birkenstra\u00dfe 5 41363 J\u00fcchen Tel.: 02165\/879106 Email: redaktion@jucunda-juechen.de Gesch\u00e4ftsf\u00fchrer: Werner H\u00fcsselmann Die europ\u00e4ische Kommission stellt unter http:\/\/ec.europa.eu\/consumers\/odr\/ eine Plattform zur au\u00dfergerichtlichen<\/p>\n","protected":false},"author":1,"featured_media":0,"parent":0,"menu_order":0,"comment_status":"closed","ping_status":"closed","template":"","meta":{"_crdt_document":"","jetpack_post_was_ever_published":false,"footnotes":""},"class_list":["post-470","page","type-page","status-publish","hentry"],"jetpack_sharing_enabled":true,"jetpack_shortlink":"https:\/\/wp.me\/P7Oer9-7A","jetpack-related-posts":[],"_links":{"self":[{"href":"http:\/\/jucunda-juechen.de\/index.php?rest_route=\/wp\/v2\/pages\/470","targetHints":{"allow":["GET"]}}],"collection":[{"href":"http:\/\/jucunda-juechen.de\/index.php?rest_route=\/wp\/v2\/pages"}],"about":[{"href":"http:\/\/jucunda-juechen.de\/index.php?rest_route=\/wp\/v2\/types\/page"}],"author":[{"embeddable":true,"href":"http:\/\/jucunda-juechen.de\/index.php?rest_route=\/wp\/v2\/users\/1"}],"replies":[{"embeddable":true,"href":"http:\/\/jucunda-juechen.de\/index.php?rest_route=%2Fwp%2Fv2%2Fcomments&post=470"}],"version-history":[{"count":5,"href":"http:\/\/jucunda-juechen.de\/index.php?rest_route=\/wp\/v2\/pages\/470\/revisions"}],"predecessor-version":[{"id":14638,"href":"http:\/\/jucunda-juechen.de\/index.php?rest_route=\/wp\/v2\/pages\/470\/revisions\/14638"}],"wp:attachment":[{"href":"http:\/\/jucunda-juechen.de\/index.php?rest_route=%2Fwp%2Fv2%2Fmedia&parent=470"}],"curies":[{"name":"wp","href":"https:\/\/api.w.org\/{rel}","templated":true}]}}