{"id":395,"date":"2017-04-17T12:25:01","date_gmt":"2017-04-17T12:25:01","guid":{"rendered":"http:\/\/jucunda-juechen.de\/?page_id=395"},"modified":"2017-04-20T08:25:58","modified_gmt":"2017-04-20T08:25:58","slug":"impressum","status":"publish","type":"page","link":"http:\/\/jucunda-juechen.de\/?page_id=395","title":{"rendered":"Impressum Shop"},"content":{"rendered":"<p>Angaben gem\u00e4\u00df \u00a7 5 TMG<br \/>\nDienstanbieter dieser Seiten ist die<br \/>\nhumann medien<br \/>\nVertreten durch Gesch\u00e4ftsf\u00fchrerin Rosemarie H\u00fcsselmann<br \/>\nBirkenstra\u00dfe 5<br \/>\n41363 J\u00fcchen<br \/>\nTelefon: + 49 2165-879106<br \/>\nE-Mail: redaktion@humann-medien.de<\/p>\n<div>Verantwortlich f\u00fcr den Inhalt nach \u00a7 55 Abs. 2 RStV:<br \/>\nRosemarie H\u00fcsselmann<br \/>\nBirkenstra\u00dfe 5<br \/>\n41363 J\u00fcchen<br \/>\nTelefon: + 49 2165-879106<br \/>\nE-Mail: redaktion@humann-medien.de<\/div>\n<div>Bei dem Inhalt unserer Internetseiten handelt es sich um urheberrechtlich gesch\u00fctzte Werke. Humann medien gestattet die \u00dcbernahme von Texten in Datenbest\u00e4nde, die ausschlie\u00dflich f\u00fcr den privaten Gebrauch eines Nutzers bestimmt sind. Die \u00dcbernahme und Nutzung der Daten zu anderen Zwecken bedarf der schriftlichen Zustimmung von humann medien.<\/div>\n","protected":false},"excerpt":{"rendered":"<p>Angaben gem\u00e4\u00df \u00a7 5 TMG Dienstanbieter dieser Seiten ist die humann medien Vertreten durch Gesch\u00e4ftsf\u00fchrerin Rosemarie H\u00fcsselmann Birkenstra\u00dfe 5 41363 J\u00fcchen Telefon: + 49 2165-879106<\/p>\n","protected":false},"author":1,"featured_media":0,"parent":0,"menu_order":0,"comment_status":"closed","ping_status":"closed","template":"","meta":{"_crdt_document":"","jetpack_post_was_ever_published":false,"footnotes":""},"class_list":["post-395","page","type-page","status-publish","hentry"],"jetpack_sharing_enabled":true,"jetpack_shortlink":"https:\/\/wp.me\/P7Oer9-6n","jetpack-related-posts":[],"_links":{"self":[{"href":"http:\/\/jucunda-juechen.de\/index.php?rest_route=\/wp\/v2\/pages\/395","targetHints":{"allow":["GET"]}}],"collection":[{"href":"http:\/\/jucunda-juechen.de\/index.php?rest_route=\/wp\/v2\/pages"}],"about":[{"href":"http:\/\/jucunda-juechen.de\/index.php?rest_route=\/wp\/v2\/types\/page"}],"author":[{"embeddable":true,"href":"http:\/\/jucunda-juechen.de\/index.php?rest_route=\/wp\/v2\/users\/1"}],"replies":[{"embeddable":true,"href":"http:\/\/jucunda-juechen.de\/index.php?rest_route=%2Fwp%2Fv2%2Fcomments&post=395"}],"version-history":[{"count":3,"href":"http:\/\/jucunda-juechen.de\/index.php?rest_route=\/wp\/v2\/pages\/395\/revisions"}],"predecessor-version":[{"id":469,"href":"http:\/\/jucunda-juechen.de\/index.php?rest_route=\/wp\/v2\/pages\/395\/revisions\/469"}],"wp:attachment":[{"href":"http:\/\/jucunda-juechen.de\/index.php?rest_route=%2Fwp%2Fv2%2Fmedia&parent=395"}],"curies":[{"name":"wp","href":"https:\/\/api.w.org\/{rel}","templated":true}]}}