{"id":393,"date":"2017-04-17T12:25:01","date_gmt":"2017-04-17T12:25:01","guid":{"rendered":"http:\/\/jucunda-juechen.de\/?page_id=393"},"modified":"2017-04-19T10:28:51","modified_gmt":"2017-04-19T10:28:51","slug":"datenschutzbelehrung","status":"publish","type":"page","link":"http:\/\/jucunda-juechen.de\/?page_id=393","title":{"rendered":"Datenschutzbelehrung"},"content":{"rendered":"<div>Datenschutzbestimmungen<\/div>\n<div>Schutz Ihrer pers\u00f6nlichen Daten<\/div>\n<div>Mit diesen Datenschutzbestimmungen m\u00f6chte humann medien Sie dar\u00fcber informieren, wie wir Ihre personenbezogenen Daten verarbeiten und wie Sie diese Daten mit anderen Nutzern austauschen k\u00f6nnen.<\/div>\n<div>Wir nehmen den Schutz Ihrer pers\u00f6nlichen Daten ernst und m\u00f6chten, dass Sie beim Besuch unserer Internetseiten sicher sind. Unsere Datenschutzpraxis folgt den Vorgaben des Bundesdatenschutzgesetzes (BDSG) sowie des Telemediengesetzes (TMG).<\/div>\n<div>Speicherung von Zugriffsdaten<br \/>\nWenn Sie die Internetseiten humann medien (hier: jucunda-juechen.de) besuchen, werden Zugriffsdaten \u00fcber diesen Vorgang in einer Protokolldatei auf unserem PC gespeichert.<br \/>\nVor der Speicherung wird jeder Datensatz durch Ver\u00e4nderung der IP-Adresse anonymisiert.<\/div>\n<div>Jeder Datensatz besteht aus:<br \/>\n&#8211; der Seite, von der aus die Datei angefordert wurde,<br \/>\n&#8211; dem Namen der Datei,<br \/>\n&#8211; dem Datum und der Uhrzeit der Anforderung,<br \/>\n&#8211; der \u00fcbertragenen Datenmenge,<br \/>\n&#8211; dem Zugriffsstatus (Datei \u00fcbertragen, Datei nicht gefunden etc.),<br \/>\n&#8211; einer Beschreibung des Typs des verwendeten Webbrowsers,<br \/>\n&#8211; anonymisierte IP-Adresse.<br \/>\nDie gespeicherten Daten werden ausschlie\u00dflich zu statistischen Zwecken ausgewertet, eine Weitergabe an Dritte findet nicht statt.<br \/>\nEs findet keine personenbezogene Verwertung der Logfiles statt.<\/div>\n<div>Cookies<br \/>\nDiese Website verwendet Cookies. Cookies sind kleine Textinformationen, die von uns auf Ihrem Computer \u00fcbertragen werden, wenn Sie auf jucunda-juechen.de surfen. Ein Cookie kann nur Informationen enthalten, die wir selbst an Ihren Rechner senden \u2013 private Daten lassen sich damit nicht auslesen. Wenn Sie die Cookies auf unserer Seite akzeptieren, haben wir keinen Zugriff auf Ihre pers\u00f6nlichen Informationen, aber mit Hilfe der Cookies k\u00f6nnen wir Ihren Computer identifizieren. \u00fcber Ihren Browser im Endger\u00e4t als Datei gespeichert werden.<br \/>\nEin Einsatzbereich von Cookies ist Google Analytics, der Webanalysedienst der Google Inc. (&#8222;Google&#8220;). Google Analytics verwendet Cookies, die eine Analyse der Benutzung der Website durch Sie erm\u00f6glichen. Die durch den Cookie erzeugten Informationen \u00fcber Ihre Benutzung dieser Website werden in der Regel an einen Server von Google in den USA \u00fcbertragen und dort gespeichert. Da auf unserer Webseite die IP-Anonymisierung aktiviert ist, wird Ihre IP-Adresse von Google jedoch innerhalb von Mitgliedstaaten der Europ\u00e4ischen Union oder in anderen Vertragsstaaten des Abkommens \u00fcber den Europ\u00e4ischen Wirtschaftsraum zuvor gek\u00fcrzt. Nur in Ausnahmef\u00e4llen wird die volle IP-Adresse an einen Server von Google in den USA \u00fcbertragen und dort gek\u00fcrzt. Im Auftrag des Betreibers dieser Website wird Google diese Informationen benutzen, um Ihre Nutzung der Website auszuwerten, um Reports \u00fcber die Websiteaktivit\u00e4ten zusammenzustellen und um weitere mit der Websitenutzung und der Internetnutzung verbundene Dienstleistungen gegen\u00fcber dem Websitebetreiber zu erbringen. Die im Rahmen von Google Analytics von Ihrem Browser \u00fcbermittelte IP-Adresse wird nicht mit anderen Daten von Google zusammengef\u00fchrt. Sie k\u00f6nnen die Speicherung der Cookies durch eine entsprechende Einstellung Ihrer Browser-Software verhindern; wir weisen Sie jedoch darauf hin, dass Sie in diesem Fall gegebenenfalls nicht s\u00e4mtliche Funktionen dieser Website vollumf\u00e4nglich werden nutzen k\u00f6nnen. Sie k\u00f6nnen dar\u00fcber hinaus die Erfassung der durch das Cookie erzeugten und auf Ihre Nutzung der Website bezogenen Daten (inkl. Ihrer IP-Adresse) an Google sowie die Verarbeitung dieser Daten durch Google verhindern, indem Sie das unter dem folgenden Link verf\u00fcgbare Browser-Plugin herunterladen und installieren: http:\/\/tools.google.com\/dlpage\/gaoptout?hl=de.<\/div>\n<div>Neben diesen Cookies verwenden wir eigene Cookies z. B. wenn Sie \u00fcber die Navigationsbuttons den ausgew\u00e4hlten Sozialen Netzwerken folgen.<\/div>\n<div>Weiterhin verwenden wir Session Cookies, z. B. bei der Nutzung des Warenkorbes im Online-Shop, die nach Ablauf der Sitzung verfallen.<\/div>\n<div>Unsere Cookies beinhalten keine personenbezogenen Daten, d.h. die Inhalte der Cookies werden nicht nutzerbezogen ausgewertet. Wir erheben grunds\u00e4tzlich nur anonyme Daten wie zum Beispiel die Website, von der aus Sie uns besuchen, Ihren Internet Service Provider und die Seiten, die Sie bei uns aufgerufen haben. Die Cookies werden nicht dazu benutzt, um unbemerkt pers\u00f6nliche Daten \u00fcber Sie zu sammeln oder solche Daten an Drittanbieter und Marketingplattformen zu \u00fcbermitteln.<\/div>\n<div>Die meisten Browser akzeptieren Cookies standm\u00e4\u00dfig. Sie k\u00f6nnen in den Sicherheitseinstellungen tempor\u00e4re und gespeicherte Cookies unabh\u00e4ngig voneinander zulassen oder verbieten. Wenn Sie Cookies deaktivieren, stehen Ihnen unter Umst\u00e4nden bestimmte Features auf unserer Site nicht zur Verf\u00fcgung und einige Webseiten werden m\u00f6glicherweise nicht richtig angezeigt.<\/div>\n<div>Kontaktformular und andere Datenerfassung<\/div>\n<div>Weitergehende personenbezogene Daten werden nur erfasst, wenn Sie uns diese Angaben freiwillig zur Verf\u00fcgung stellen, etwa im Rahmen einer Anfrage. Wir verwenden diese Daten nur zur Beantwortung Ihrer Anfragen und f\u00fcr die technische Administration. Nur sofern Sie uns ihre ausdr\u00fcckliche Zustimmung erteilen, werden wir Sie zus\u00e4tzlich per E-Mail \u00fcber unsere Inhalte informieren und zu Veranstaltungen einladen. Eine Weitergabe an Dritte findet nicht ohne Ihre Zustimmung statt.<\/div>\n<div>F\u00fcr die Kommunikation bitten wir, das Kontaktformular zu verwenden. Dar\u00fcber hinaus finden Sie in unserem Internetangebot weitere E-Mail-Adressen einzelner Stellen oder Personen. Auch an diese Adressen k\u00f6nnen Sie E-Mails senden.<\/div>\n<div>Diese Hinweise gelten nur f\u00fcr die Kommunikation mit humann medien und gelten nicht f\u00fcr Verweise auf Angebote Dritter.<\/div>\n<div>Online-Shop<\/div>\n<div>Der Online-Shop wird von der Humann medien, nachstehend Humann medien genannt, betrieben. Wenn Sie das Bestellformular ausf\u00fcllen, werden Ihre Daten an die Humann medien \u00fcbermittelt und dort gespeichert. Es werden keine Daten an uns \u00fcbermittelt oder von uns gespeichert.<\/div>\n<div>Wenn Sie Online-Shop etwas bestellen m\u00f6chten, haben Sie die Wahl, ob Sie Ihre f\u00fcr die Bestellung notwendigen Daten nur einmalig f\u00fcr diese Bestellung angeben oder ob Sie ein Kundenkonto anlegen m\u00f6chten, bei dem Ihre Daten f\u00fcr sp\u00e4tere weitere Eink\u00e4ufe gespeichert werden. Wenn Sie kein Kundenkonto anlegen, speichert humann medien Ihre Daten zu dem Zweck der Vertragserf\u00fcllung und l\u00f6scht diese, sobald sie zur Speicherung nicht mehr rechtlich verpflichtet sind. F\u00fcr die Abwicklung der Vertr\u00e4ge notwendige Pflichtangaben sind gesondert markiert, weitere Angaben sind freiwillig.<br \/>\nBei Anlegung eines Accounts unter \u201eMein Konto\u201c werden die von Ihnen dort angegeben Daten widerruflich gespeichert, Auch bei Registrierung eines Kundenkontos erhalten Sie von humann medien keine Werbe-E-Mails oder Post. Jedoch informieren wir Sie m\u00f6glicherweise \u00fcber technische Betreffs.<\/div>\n<div>Humann medien verpflichtet sich, die Privatsph\u00e4re aller Personen zu sch\u00fctzen, die bei Humann medien einkaufen und die pers\u00f6nlichen Daten vertraulich zu behandeln. Grundlage hierzu sind die jeweils geltenden gesetzlichen Bestimmungen, wie Bundesdatenschutzgesetz (BDSG) und Information- und Kommunikationsdienstegesetz (IuKDG).<\/div>\n<div>Humann medien wird die Daten ausschlie\u00dflich dazu verwenden, um den mit Ihnen abgeschlossenen Vertrag erf\u00fcllen zu k\u00f6nnen. Eine weitere Verwendung der erhobenen Daten, z. B. zu Werbezwecken, erfolgt nicht ohne Ihre Einwilligung. Diese Einwilligung kann jederzeit durch einfache Mitteilung an die Humann medien widerrufen werden.<\/div>\n<div>Bei der \u00dcbermittlung personenbezogener Daten setzt Humann medien Verschl\u00fcsselungstechnologie f\u00fcr h\u00f6chste Vertraulichkeit ein. Die Server setzen verschiedene Sicherheitsmechanismen und Berechtigungsverfahren ein, um den unbefugten Zugriff zu erschweren.<\/div>\n<div>Um Ihre Bestellung abwickeln und ausliefern zu k\u00f6nnen, gibt Humann medien Ihre Daten an den jeweils mit der Auslieferung beauftragten Lieferdienst weiter.<\/div>\n<div>Mit Ihrer Bestellung stimmen Sie der vorstehend beschriebenen Erhebung, Verarbeitung und Nutzung personenbezogener Daten und den Allgemeinen Gesch\u00e4ftsbedingungen der Humann medien ausdr\u00fccklich zu.<\/div>\n<div>Auch der Online-Shop verwendet Cookies. Falls Sie generell keine Cookies annehmen wollen\/k\u00f6nnen, richten Sie Ihre Bestellung bitte an folgende Adresse: humann medien, Birkenstra\u00dfe 5, 41363 J\u00fcchen, Email: fotos-filme@humann-medien.de<\/div>\n<div>An diese Adresse wenden Sie sich bitte auch, wenn Sie Ihre bei der Humann medien gespeicherten Daten l\u00f6schen lassen wollen. Dies k\u00f6nnen Sie jederzeit verlangen.<\/div>\n<div>Newsletter<\/div>\n<div>Die Anmeldung zum Abonnement des Newsletters erfolgt durch ein Double-Opt-In. Zum Anmelden tr\u00e4gt die Nutzer\/der Nutzer ihre E-Mail-Adresse ein, an die der Newsletter versandt werden soll. Die Angabe von Anrede, Vor- und Zuname im Anmeldeformular sind freiwillig und dienen der pers\u00f6nlichen Anrede der Abonnentin\/des Abonnenten. Die Abonnentin\/der Abonnenten erh\u00e4lt, wenn Sie sich f\u00fcr unseren Newsletter anmelden, nutzen wir Ihre E-Mail-Adresse zur Zusendung des Newsletters. Sie k\u00f6nnen sich jederzeit von dem Bezug abmelden. Bitte nutzen Sie hierf\u00fcr den Abbestellungslink innerhalb der Newsletter E-Mail.<\/div>\n<div>Eine anderweitige Nutzung Ihrer E-Mail-Adresse findet nicht statt.<\/div>\n<div>Wenn Sie den Newsletter \u00f6ffnen oder einen Link darin anklicken, wird dies \u00fcber unseren Webserver protokolliert (Datum, Uhrzeit, Mail-Adresse). Das dient internen statistischen Zwecken. Diese Daten werden nicht zu pers\u00f6nlichen Nutzungsprofilen zusammengef\u00fchrt.<br \/>\nHinweis auf Auskunftsrecht<\/div>\n<div>Sie haben das Recht, auf Antrag unentgeltlich Auskunft zu erhalten, welche Daten \u00fcber Sie gespeichert sind und zu welchem Zweck die Speicherung erfolgt. Zus\u00e4tzlich haben Sie das Recht auf Berichtigung unrichtiger Daten sowie auf Sperrung und L\u00f6schung, soweit die Speicherung unzul\u00e4ssig oder nicht mehr erforderlich ist. Bei Fragen und W\u00fcnschen zu Ihren Daten senden Sie uns bitte eine Nachricht.<\/div>\n<div>Links zu anderen Websites<\/div>\n<div>Unser Online-Angebot enth\u00e4lt Links zu anderen Websites. Wir haben keinen Einfluss darauf, dass deren Betreiber die Datenschutzbestimmungen einhalten.<\/div>\n<div>Wir sind als Anbieter f\u00fcr eigene Inhalte nach den allgemeinen Gesetzen verantwortlich. Von diesen eigenen Inhalten sind unter Umst\u00e4nden Links auf die von anderen Anbietern bereitgehaltenen Inhalte zu unterscheiden. F\u00fcr fremde Inhalte, die \u00fcber Links zur Nutzung bereitgestellt werden und besonders gekennzeichnet sind, \u00fcbernehmen wir keine Verantwortung und machen uns deren Inhalt nicht zu Eigen. F\u00fcr illegale, fehlerhafte oder unvollst\u00e4ndige Inhalte sowie f\u00fcr Sch\u00e4den, die durch die Nutzung oder Nichtnutzung der Informationen entstehen, haftet allein der Anbieter der Website, auf die verwiesen wurde.<\/div>\n<div><\/div>\n<div>Urheberrecht<\/div>\n<div>Texte, Bilder, Grafiken, Sound, Animationen und Videos einschlie\u00dflich deren Anordnung auf der Internetseite humann medien unterliegen dem Schutz des Urheberrechts und anderer Schutzgesetze. Humann medien gestattet die \u00dcbernahme von Texten in Datenbest\u00e4nde, die ausschlie\u00dflich f\u00fcr den privaten Gebrauch eines Nutzers bestimmt sind. Die \u00dcbernahme und Nutzung der Texte, Bilder und Grafiken zu anderen Zwecken bed\u00fcrfen der schriftlichen Zustimmung. Bitte wenden Sie sich an uns. Soweit Inhalte zul\u00e4ssigerweise gespeichert, vervielf\u00e4ltigt oder verbreitet werden, muss auf das Urheberrecht humann medien bzw. der jeweiligen Copyright-Inhaber hingewiesen werden.<\/div>\n<div>Humann medien, das Logo und der Domain-Name genie\u00dfen namensrechtlichen Schutz.<\/div>\n<div>Wer das Urheber-\/Marken- oder Namensrecht verletzt, muss mit der Geltendmachung von Unterlassungs- und Schadensersatzanspr\u00fcchen durch den Rechteinhaber, bei Verletzungen des Urheber- und Markenrechts auch mit Strafverfolgung rechnen.<\/div>\n<div><\/div>\n<div>Verantwortung \/ Haftung<\/div>\n<div>Humann medien stellt alle Informationen und Bestandteile der Internetseite nach bestem Wissen und Gewissen zusammen. Eine Haftung oder Garantie f\u00fcr die Aktualit\u00e4t, Richtigkeit und Vollst\u00e4ndigkeit der zur Verf\u00fcgung gestellten Informationen kann nicht \u00fcbernommen werden. Ebenso wenig haftet die humann medien f\u00fcr etwaige Sch\u00e4den, die beim Abrufen oder Herunterladen von Daten durch Computerviren verursacht werden.<\/div>\n<div>Datenschutzerkl\u00e4rung f\u00fcr die Nutzung von Social-Plugins<\/div>\n<div>Auf unseren Internetseiten sind Plugins von sozialen Netzwerken eingebunden. Die Plugins erkennen Sie an den entsprechenden Logos (Facebook, Google+, Twitter usw.).<br \/>\nWenn Sie mit den Plugins interagieren, baut Ihr Browser eine direkte Verbindung mit den Servern der sozialen Netzwerke auf. Die Sozialen Netzwerke erhalten dadurch die Information, dass Sie mit Ihrer IP-Adresse unsere Seite besucht haben. Wenn Sie bei den sozialen Netzwerken eingeloggt sind, k\u00f6nnen diese den Besuch Ihrem jeweiligen Nutzer-Konto zuordnen.<br \/>\nDa diese \u00dcbertragung direkt verl\u00e4uft, erhalten wir keine Kenntnis von den \u00fcbermittelten Daten. Informationen zu Zweck und Umfang der Datenerhebung durch die Sozialen Netzwerke, die weitere Verarbeitung und Nutzung der Daten durch die Sozialen Netzwerke sowie Ihre diesbez\u00fcglichen Rechte und Einstellungsm\u00f6glichkeiten zum Schutz Ihrer Privatsph\u00e4re entnehmen Sie bitte den Datenschutzhinweisen des jeweiligen Sozialen Netzwerks.<\/div>\n<div>Verwendung von Google Maps<\/div>\n<div>Unsere Webseiten k\u00f6nnen die Google Maps API verwenden, um geographische Informationen zu Gliederungen, Vereinigungen oder Veranstaltungen humann medienoder sonstigen Orten visuell darzustellen. Bei der Nutzung von Google Maps werden von Google (Google Inc., 1600 Amphitheatre Parkway, Mountain View, California, 94043) auch Daten \u00fcber die Nutzung der Maps-Funktionen durch Besucher der Webseiten erhoben, verarbeitet und genutzt. N\u00e4here Informationen \u00fcber die Datenverarbeitung durch Google k\u00f6nnen Sie den Datenschutzhinweisen von Google entnehmen, die Sie unter http:\/\/www.google.com\/privacypolicy.html abrufen k\u00f6nnen.<\/div>\n<div><\/div>\n<div>Geltung der Datenschutzbestimmungen<\/div>\n<div>Die Datenschutzbestimmungen sind als Teil des Internetangebotes humann medien zu betrachten. Sofern Teile oder einzelne Formulierungen dieses Textes der geltenden Rechtslage nicht, nicht mehr oder nicht vollst\u00e4ndig entsprechen sollten, bleiben die \u00fcbrigen Teile des Dokumentes in ihrem Inhalt und ihrer G\u00fcltigkeit davon unber\u00fchrt. F\u00fcr die Nutzung der Webseiten gilt deutsches Recht.<\/div>\n<div>Humann medien ist dazu berechtigt, diese Datenschutzbestimmungen jederzeit ganz oder teilweise zu \u00e4ndern.<\/div>\n<div>Abrufbarkeit der Datenschutzbestimmungen<\/div>\n<div>Sie k\u00f6nnen diese Datenschutzbestimmungen von jeder Seite der Homepage unter dem Link &#8222;Datenschutz&#8220; abrufen und ausdrucken.<\/div>\n<div>Stand der Datenschutzbestimmungen: 01.12.2016<\/div>\n<div>\nIhre Fragen und Anregungen zum Thema Datenschutz sind uns sehr willkommen und wichtig.<\/div>\n<div>Angaben gem\u00e4\u00df \u00a7 5 TMG<\/div>\n<div>Dienstanbieter dieser Seiten ist die<br \/>\nhumann medien<br \/>\nVertreten durch Gesch\u00e4ftsf\u00fchrerin Rosemarie H\u00fcsselmann<br \/>\nBirkenstra\u00dfe 5<br \/>\n41363 J\u00fcchen<br \/>\nTelefon: + 49 2165-879106<br \/>\nE-Mail: redaktion@humann-medien.de<\/div>\n<div>Bei dem Inhalt unserer Internetseiten handelt es sich um urheberrechtlich gesch\u00fctzte Werke. humann medien gestattet die \u00dcbernahme von Texten in Datenbest\u00e4nde, die ausschlie\u00dflich f\u00fcr den privaten Gebrauch eines Nutzers bestimmt sind. Die \u00dcbernahme und Nutzung der Daten zu anderen Zwecken bedarf der schriftlichen Zustimmung der Partei.<\/div>\n","protected":false},"excerpt":{"rendered":"<p>Datenschutzbestimmungen Schutz Ihrer pers\u00f6nlichen Daten Mit diesen Datenschutzbestimmungen m\u00f6chte humann medien Sie dar\u00fcber informieren, wie wir Ihre personenbezogenen Daten verarbeiten und wie Sie diese Daten<\/p>\n","protected":false},"author":1,"featured_media":0,"parent":0,"menu_order":0,"comment_status":"closed","ping_status":"closed","template":"","meta":{"_crdt_document":"","jetpack_post_was_ever_published":false,"footnotes":""},"class_list":["post-393","page","type-page","status-publish","hentry"],"jetpack_sharing_enabled":true,"jetpack_shortlink":"https:\/\/wp.me\/P7Oer9-6l","jetpack-related-posts":[],"_links":{"self":[{"href":"http:\/\/jucunda-juechen.de\/index.php?rest_route=\/wp\/v2\/pages\/393","targetHints":{"allow":["GET"]}}],"collection":[{"href":"http:\/\/jucunda-juechen.de\/index.php?rest_route=\/wp\/v2\/pages"}],"about":[{"href":"http:\/\/jucunda-juechen.de\/index.php?rest_route=\/wp\/v2\/types\/page"}],"author":[{"embeddable":true,"href":"http:\/\/jucunda-juechen.de\/index.php?rest_route=\/wp\/v2\/users\/1"}],"replies":[{"embeddable":true,"href":"http:\/\/jucunda-juechen.de\/index.php?rest_route=%2Fwp%2Fv2%2Fcomments&post=393"}],"version-history":[{"count":1,"href":"http:\/\/jucunda-juechen.de\/index.php?rest_route=\/wp\/v2\/pages\/393\/revisions"}],"predecessor-version":[{"id":463,"href":"http:\/\/jucunda-juechen.de\/index.php?rest_route=\/wp\/v2\/pages\/393\/revisions\/463"}],"wp:attachment":[{"href":"http:\/\/jucunda-juechen.de\/index.php?rest_route=%2Fwp%2Fv2%2Fmedia&parent=393"}],"curies":[{"name":"wp","href":"https:\/\/api.w.org\/{rel}","templated":true}]}}